{"id":2389,"date":"2024-04-19T17:26:10","date_gmt":"2024-04-19T20:26:10","guid":{"rendered":"https:\/\/grupouwsweb.com.br\/camilo\/?post_type=product&#038;p=2389"},"modified":"2025-07-23T07:11:57","modified_gmt":"2025-07-23T10:11:57","slug":"refil-para-reparo-de-pneu-sem-camara-com-60-unidades-5549-bremen","status":"publish","type":"product","link":"https:\/\/camilopneuserodas.com.br\/loja\/produto\/refil-para-reparo-de-pneu-sem-camara-com-60-unidades-5549-bremen\/","title":{"rendered":"Refil Para Reparo de Pneu Sem C\u00e2mara Com 60 Unidades 5549 BREMEN"},"content":{"rendered":"<p>O reparo macarr\u00e3o destina-se a consertos emergenciais na regi\u00e3o da banda de rodagem, ou seja, trata-se de um conserto tempor\u00e1rio e de emerg\u00eancia de pneus sem c\u00e2mara (tubeless).<\/p>\n<p>ESPECIFICA\u00c7\u00d5ES:<br \/>\nRemendo \/ Reparo \/ Macarr\u00e3o para pneu sem c\u00e2mara<br \/>\nMarca: BREMEN<br \/>\nContem: 1 caixa com 60 unidades<\/p>\n","protected":false},"excerpt":{"rendered":"<p>O reparo macarr\u00e3o destina-se a consertos emergenciais na regi\u00e3o da banda de rodagem, ou seja, trata-se de um conserto tempor\u00e1rio e de emerg\u00eancia de pneus sem c\u00e2mara (tubeless). ESPECIFICA\u00c7\u00d5ES: Remendo<\/p>\n","protected":false},"featured_media":2390,"comment_status":"open","ping_status":"closed","template":"","meta":[],"product_cat":[166,165],"product_tag":[],"class_list":["post-2389","product","type-product","status-publish","has-post-thumbnail","hentry","product_cat-acessorios","product_cat-reparo"],"_links":{"self":[{"href":"https:\/\/camilopneuserodas.com.br\/loja\/wp-json\/wp\/v2\/product\/2389","targetHints":{"allow":["GET"]}}],"collection":[{"href":"https:\/\/camilopneuserodas.com.br\/loja\/wp-json\/wp\/v2\/product"}],"about":[{"href":"https:\/\/camilopneuserodas.com.br\/loja\/wp-json\/wp\/v2\/types\/product"}],"replies":[{"embeddable":true,"href":"https:\/\/camilopneuserodas.com.br\/loja\/wp-json\/wp\/v2\/comments?post=2389"}],"wp:featuredmedia":[{"embeddable":true,"href":"https:\/\/camilopneuserodas.com.br\/loja\/wp-json\/wp\/v2\/media\/2390"}],"wp:attachment":[{"href":"https:\/\/camilopneuserodas.com.br\/loja\/wp-json\/wp\/v2\/media?parent=2389"}],"wp:term":[{"taxonomy":"product_cat","embeddable":true,"href":"https:\/\/camilopneuserodas.com.br\/loja\/wp-json\/wp\/v2\/product_cat?post=2389"},{"taxonomy":"product_tag","embeddable":true,"href":"https:\/\/camilopneuserodas.com.br\/loja\/wp-json\/wp\/v2\/product_tag?post=2389"}],"curies":[{"name":"wp","href":"https:\/\/api.w.org\/{rel}","templated":true}]}}